{"id":1061,"date":"2021-11-27T15:14:28","date_gmt":"2021-11-27T14:14:28","guid":{"rendered":"https:\/\/cejoli2004.com\/?post_type=product&#038;p=1061"},"modified":"2022-01-14T10:50:47","modified_gmt":"2022-01-14T09:50:47","slug":"lampe-chapo-2-pollie","status":"publish","type":"product","link":"https:\/\/cejoli2004.com\/en\/product\/lampe-chapo-2-pollie\/","title":{"rendered":"Lamp chapo 2 polished"},"content":{"rendered":"<p>Metal lamp on\nfixed tripod ht 75\/80CM\nentirely handmade,( whose head is adjustable on 2 lateral tightned by handmade wing\nscrew)<br \/>\nElegant slender lamp can be\nplaced directly on the floor\non a sideboard or on a coffee\ntable Possible<br \/>\nPossible finishes:<br \/>\n\u2013Patinated matte black for the base and the exterior of the reflector,<br \/>\n\u2013Patinated matte black base and upper part including the rod, the joint and the reflector, polished<br \/>\nCompletely handmade lamp<\/p>\n<p>Two electrical assemblies available :<br \/>\n\u2013 2 meter standard black cable with 220 v hand switch with black bakelite socket for classic E14 bulb or LED<br \/>\nor<br \/>\n-Custom wiring with dimmer switch for\nclassic bulb or dimmable led bulb (Finish\nwith metal socket, custom textile wiring\nand dimmer for dimmable bulb) + 45 $<\/p>","protected":false},"excerpt":{"rendered":"<p>lampe m\u00e9tallique sur tr\u00e9pied fixe ht 75 \/80CM enti\u00e8rement fabriqu\u00e9e \u00e0 la main, dont la t\u00eate est orientable sur deux axes lat\u00e9raux serr\u00e9 par des \u00e9crous papillons fait \u00e0 la main El\u00e9gante cette lampe longiligne peut \u00eatre pos\u00e9e directement sur le sol , sur un buffet ou sur une table basse Finition possibles\u00a0: &#8211; noir [&hellip;]<\/p>","protected":false},"featured_media":1062,"template":"","meta":{"ocean_post_layout":"","ocean_both_sidebars_style":"","ocean_both_sidebars_content_width":0,"ocean_both_sidebars_sidebars_width":0,"ocean_sidebar":"0","ocean_second_sidebar":"0","ocean_disable_margins":"enable","ocean_add_body_class":"","ocean_shortcode_before_top_bar":"","ocean_shortcode_after_top_bar":"","ocean_shortcode_before_header":"","ocean_shortcode_after_header":"","ocean_has_shortcode":"","ocean_shortcode_after_title":"","ocean_shortcode_before_footer_widgets":"","ocean_shortcode_after_footer_widgets":"","ocean_shortcode_before_footer_bottom":"","ocean_shortcode_after_footer_bottom":"","ocean_display_top_bar":"default","ocean_display_header":"on","ocean_header_style":"custom","ocean_center_header_left_menu":"0","ocean_custom_header_template":"1480","ocean_custom_logo":0,"ocean_custom_retina_logo":0,"ocean_custom_logo_max_width":0,"ocean_custom_logo_tablet_max_width":0,"ocean_custom_logo_mobile_max_width":0,"ocean_custom_logo_max_height":0,"ocean_custom_logo_tablet_max_height":0,"ocean_custom_logo_mobile_max_height":0,"ocean_header_custom_menu":"0","ocean_menu_typo_font_family":"0","ocean_menu_typo_font_subset":"","ocean_menu_typo_font_size":0,"ocean_menu_typo_font_size_tablet":0,"ocean_menu_typo_font_size_mobile":0,"ocean_menu_typo_font_size_unit":"px","ocean_menu_typo_font_weight":"","ocean_menu_typo_font_weight_tablet":"","ocean_menu_typo_font_weight_mobile":"","ocean_menu_typo_transform":"","ocean_menu_typo_transform_tablet":"","ocean_menu_typo_transform_mobile":"","ocean_menu_typo_line_height":0,"ocean_menu_typo_line_height_tablet":0,"ocean_menu_typo_line_height_mobile":0,"ocean_menu_typo_line_height_unit":"","ocean_menu_typo_spacing":0,"ocean_menu_typo_spacing_tablet":0,"ocean_menu_typo_spacing_mobile":0,"ocean_menu_typo_spacing_unit":"","ocean_menu_link_color":"","ocean_menu_link_color_hover":"","ocean_menu_link_color_active":"","ocean_menu_link_background":"","ocean_menu_link_hover_background":"","ocean_menu_link_active_background":"","ocean_menu_social_links_bg":"","ocean_menu_social_hover_links_bg":"","ocean_menu_social_links_color":"","ocean_menu_social_hover_links_color":"","ocean_disable_title":"on","ocean_disable_heading":"default","ocean_post_title":"","ocean_post_subheading":"","ocean_post_title_style":"","ocean_post_title_background_color":"","ocean_post_title_background":0,"ocean_post_title_bg_image_position":"","ocean_post_title_bg_image_attachment":"","ocean_post_title_bg_image_repeat":"","ocean_post_title_bg_image_size":"","ocean_post_title_height":0,"ocean_post_title_bg_overlay":0.5,"ocean_post_title_bg_overlay_color":"","ocean_disable_breadcrumbs":"default","ocean_breadcrumbs_color":"","ocean_breadcrumbs_separator_color":"","ocean_breadcrumbs_links_color":"","ocean_breadcrumbs_links_hover_color":"","ocean_display_footer_widgets":"default","ocean_display_footer_bottom":"default","ocean_custom_footer_template":"0"},"product_brand":[],"product_cat":[29],"product_tag":[],"class_list":{"0":"post-1061","1":"product","2":"type-product","3":"status-publish","4":"has-post-thumbnail","6":"product_cat-petite-lampes","8":"entry","9":"has-media","11":"first","12":"instock","13":"shipping-taxable","14":"purchasable","15":"product-type-simple","16":"has-product-nav","17":"col","18":"span_1_of_3","19":"owp-content-center","20":"owp-thumbs-layout-horizontal","21":"owp-btn-normal","22":"owp-tabs-layout-horizontal"},"yoast_head":"<!-- This site is optimized with the Yoast SEO plugin v27.5 - https:\/\/yoast.com\/product\/yoast-seo-wordpress\/ -->\n<title>Lampe chapo 2 polie - C\u00e9joli<\/title>\n<meta name=\"robots\" content=\"index, follow, max-snippet:-1, max-image-preview:large, max-video-preview:-1\" \/>\n<link rel=\"canonical\" href=\"https:\/\/cejoli2004.com\/en\/product\/lampe-chapo-2-pollie\/\" \/>\n<meta property=\"og:locale\" content=\"en_US\" \/>\n<meta property=\"og:type\" content=\"article\" \/>\n<meta property=\"og:title\" content=\"Lampe chapo 2 polie - C\u00e9joli\" \/>\n<meta property=\"og:description\" content=\"lampe m\u00e9tallique sur tr\u00e9pied fixe ht 75 \/80CM enti\u00e8rement fabriqu\u00e9e \u00e0 la main, dont la t\u00eate est orientable sur deux axes lat\u00e9raux serr\u00e9 par des \u00e9crous papillons fait \u00e0 la main El\u00e9gante cette lampe longiligne peut \u00eatre pos\u00e9e directement sur le sol , sur un buffet ou sur une table basse Finition possibles\u00a0: &#8211; noir [&hellip;]\" \/>\n<meta property=\"og:url\" content=\"https:\/\/cejoli2004.com\/en\/product\/lampe-chapo-2-pollie\/\" \/>\n<meta property=\"og:site_name\" content=\"C\u00e9joli\" \/>\n<meta property=\"article:modified_time\" content=\"2022-01-14T09:50:47+00:00\" \/>\n<meta property=\"og:image\" content=\"https:\/\/cejoli2004.com\/wp-content\/uploads\/2021\/11\/LAMPE-CHAPO2-1-scaled.jpg\" \/>\n\t<meta property=\"og:image:width\" content=\"1920\" \/>\n\t<meta property=\"og:image:height\" content=\"2560\" \/>\n\t<meta property=\"og:image:type\" content=\"image\/jpeg\" \/>\n<meta name=\"twitter:card\" content=\"summary_large_image\" \/>\n<meta name=\"twitter:label1\" content=\"Est. reading time\" \/>\n\t<meta name=\"twitter:data1\" content=\"1 minute\" \/>\n<script type=\"application\/ld+json\" class=\"yoast-schema-graph\">{\"@context\":\"https:\\\/\\\/schema.org\",\"@graph\":[{\"@type\":\"WebPage\",\"@id\":\"https:\\\/\\\/cejoli2004.com\\\/produit\\\/lampe-chapo-2-pollie\\\/\",\"url\":\"https:\\\/\\\/cejoli2004.com\\\/produit\\\/lampe-chapo-2-pollie\\\/\",\"name\":\"Lampe chapo 2 polie - C\u00e9joli\",\"isPartOf\":{\"@id\":\"https:\\\/\\\/cejoli2004.com\\\/#website\"},\"primaryImageOfPage\":{\"@id\":\"https:\\\/\\\/cejoli2004.com\\\/produit\\\/lampe-chapo-2-pollie\\\/#primaryimage\"},\"image\":{\"@id\":\"https:\\\/\\\/cejoli2004.com\\\/produit\\\/lampe-chapo-2-pollie\\\/#primaryimage\"},\"thumbnailUrl\":\"https:\\\/\\\/cejoli2004.com\\\/wp-content\\\/uploads\\\/2021\\\/11\\\/LAMPE-CHAPO2-1-scaled.jpg\",\"datePublished\":\"2021-11-27T14:14:28+00:00\",\"dateModified\":\"2022-01-14T09:50:47+00:00\",\"breadcrumb\":{\"@id\":\"https:\\\/\\\/cejoli2004.com\\\/produit\\\/lampe-chapo-2-pollie\\\/#breadcrumb\"},\"inLanguage\":\"en-US\",\"potentialAction\":[{\"@type\":\"ReadAction\",\"target\":[\"https:\\\/\\\/cejoli2004.com\\\/produit\\\/lampe-chapo-2-pollie\\\/\"]}]},{\"@type\":\"ImageObject\",\"inLanguage\":\"en-US\",\"@id\":\"https:\\\/\\\/cejoli2004.com\\\/produit\\\/lampe-chapo-2-pollie\\\/#primaryimage\",\"url\":\"https:\\\/\\\/cejoli2004.com\\\/wp-content\\\/uploads\\\/2021\\\/11\\\/LAMPE-CHAPO2-1-scaled.jpg\",\"contentUrl\":\"https:\\\/\\\/cejoli2004.com\\\/wp-content\\\/uploads\\\/2021\\\/11\\\/LAMPE-CHAPO2-1-scaled.jpg\",\"width\":1920,\"height\":2560,\"caption\":\"dav\"},{\"@type\":\"BreadcrumbList\",\"@id\":\"https:\\\/\\\/cejoli2004.com\\\/produit\\\/lampe-chapo-2-pollie\\\/#breadcrumb\",\"itemListElement\":[{\"@type\":\"ListItem\",\"position\":1,\"name\":\"Accueil\",\"item\":\"https:\\\/\\\/cejoli2004.com\\\/\"},{\"@type\":\"ListItem\",\"position\":2,\"name\":\"Boutique\",\"item\":\"https:\\\/\\\/cejoli2004.com\\\/boutique\\\/\"},{\"@type\":\"ListItem\",\"position\":3,\"name\":\"Lampe chapo 2 polie\"}]},{\"@type\":\"WebSite\",\"@id\":\"https:\\\/\\\/cejoli2004.com\\\/#website\",\"url\":\"https:\\\/\\\/cejoli2004.com\\\/\",\"name\":\"C\u00e9joli\",\"description\":\"\",\"publisher\":{\"@id\":\"https:\\\/\\\/cejoli2004.com\\\/#organization\"},\"potentialAction\":[{\"@type\":\"SearchAction\",\"target\":{\"@type\":\"EntryPoint\",\"urlTemplate\":\"https:\\\/\\\/cejoli2004.com\\\/?s={search_term_string}\"},\"query-input\":{\"@type\":\"PropertyValueSpecification\",\"valueRequired\":true,\"valueName\":\"search_term_string\"}}],\"inLanguage\":\"en-US\"},{\"@type\":\"Organization\",\"@id\":\"https:\\\/\\\/cejoli2004.com\\\/#organization\",\"name\":\"C\u00e9joli\",\"url\":\"https:\\\/\\\/cejoli2004.com\\\/\",\"logo\":{\"@type\":\"ImageObject\",\"inLanguage\":\"en-US\",\"@id\":\"https:\\\/\\\/cejoli2004.com\\\/#\\\/schema\\\/logo\\\/image\\\/\",\"url\":\"https:\\\/\\\/cejoli2004.com\\\/wp-content\\\/uploads\\\/2021\\\/11\\\/logo-noir.png\",\"contentUrl\":\"https:\\\/\\\/cejoli2004.com\\\/wp-content\\\/uploads\\\/2021\\\/11\\\/logo-noir.png\",\"width\":1607,\"height\":1034,\"caption\":\"C\u00e9joli\"},\"image\":{\"@id\":\"https:\\\/\\\/cejoli2004.com\\\/#\\\/schema\\\/logo\\\/image\\\/\"},\"sameAs\":[\"https:\\\/\\\/www.instagram.com\\\/cejoli2004\\\/\"]}]}<\/script>\n<!-- \/ Yoast SEO plugin. -->","yoast_head_json":{"title":"Lampe chapo 2 polie - C\u00e9joli","robots":{"index":"index","follow":"follow","max-snippet":"max-snippet:-1","max-image-preview":"max-image-preview:large","max-video-preview":"max-video-preview:-1"},"canonical":"https:\/\/cejoli2004.com\/en\/product\/lampe-chapo-2-pollie\/","og_locale":"en_US","og_type":"article","og_title":"Lampe chapo 2 polie - C\u00e9joli","og_description":"lampe m\u00e9tallique sur tr\u00e9pied fixe ht 75 \/80CM enti\u00e8rement fabriqu\u00e9e \u00e0 la main, dont la t\u00eate est orientable sur deux axes lat\u00e9raux serr\u00e9 par des \u00e9crous papillons fait \u00e0 la main El\u00e9gante cette lampe longiligne peut \u00eatre pos\u00e9e directement sur le sol , sur un buffet ou sur une table basse Finition possibles\u00a0: &#8211; noir [&hellip;]","og_url":"https:\/\/cejoli2004.com\/en\/product\/lampe-chapo-2-pollie\/","og_site_name":"C\u00e9joli","article_modified_time":"2022-01-14T09:50:47+00:00","og_image":[{"width":1920,"height":2560,"url":"https:\/\/cejoli2004.com\/wp-content\/uploads\/2021\/11\/LAMPE-CHAPO2-1-scaled.jpg","type":"image\/jpeg"}],"twitter_card":"summary_large_image","twitter_misc":{"Est. reading time":"1 minute"},"schema":{"@context":"https:\/\/schema.org","@graph":[{"@type":"WebPage","@id":"https:\/\/cejoli2004.com\/produit\/lampe-chapo-2-pollie\/","url":"https:\/\/cejoli2004.com\/produit\/lampe-chapo-2-pollie\/","name":"Lampe chapo 2 polie - C\u00e9joli","isPartOf":{"@id":"https:\/\/cejoli2004.com\/#website"},"primaryImageOfPage":{"@id":"https:\/\/cejoli2004.com\/produit\/lampe-chapo-2-pollie\/#primaryimage"},"image":{"@id":"https:\/\/cejoli2004.com\/produit\/lampe-chapo-2-pollie\/#primaryimage"},"thumbnailUrl":"https:\/\/cejoli2004.com\/wp-content\/uploads\/2021\/11\/LAMPE-CHAPO2-1-scaled.jpg","datePublished":"2021-11-27T14:14:28+00:00","dateModified":"2022-01-14T09:50:47+00:00","breadcrumb":{"@id":"https:\/\/cejoli2004.com\/produit\/lampe-chapo-2-pollie\/#breadcrumb"},"inLanguage":"en-US","potentialAction":[{"@type":"ReadAction","target":["https:\/\/cejoli2004.com\/produit\/lampe-chapo-2-pollie\/"]}]},{"@type":"ImageObject","inLanguage":"en-US","@id":"https:\/\/cejoli2004.com\/produit\/lampe-chapo-2-pollie\/#primaryimage","url":"https:\/\/cejoli2004.com\/wp-content\/uploads\/2021\/11\/LAMPE-CHAPO2-1-scaled.jpg","contentUrl":"https:\/\/cejoli2004.com\/wp-content\/uploads\/2021\/11\/LAMPE-CHAPO2-1-scaled.jpg","width":1920,"height":2560,"caption":"dav"},{"@type":"BreadcrumbList","@id":"https:\/\/cejoli2004.com\/produit\/lampe-chapo-2-pollie\/#breadcrumb","itemListElement":[{"@type":"ListItem","position":1,"name":"Accueil","item":"https:\/\/cejoli2004.com\/"},{"@type":"ListItem","position":2,"name":"Boutique","item":"https:\/\/cejoli2004.com\/boutique\/"},{"@type":"ListItem","position":3,"name":"Lampe chapo 2 polie"}]},{"@type":"WebSite","@id":"https:\/\/cejoli2004.com\/#website","url":"https:\/\/cejoli2004.com\/","name":"C\u00e9joli","description":"","publisher":{"@id":"https:\/\/cejoli2004.com\/#organization"},"potentialAction":[{"@type":"SearchAction","target":{"@type":"EntryPoint","urlTemplate":"https:\/\/cejoli2004.com\/?s={search_term_string}"},"query-input":{"@type":"PropertyValueSpecification","valueRequired":true,"valueName":"search_term_string"}}],"inLanguage":"en-US"},{"@type":"Organization","@id":"https:\/\/cejoli2004.com\/#organization","name":"C\u00e9joli","url":"https:\/\/cejoli2004.com\/","logo":{"@type":"ImageObject","inLanguage":"en-US","@id":"https:\/\/cejoli2004.com\/#\/schema\/logo\/image\/","url":"https:\/\/cejoli2004.com\/wp-content\/uploads\/2021\/11\/logo-noir.png","contentUrl":"https:\/\/cejoli2004.com\/wp-content\/uploads\/2021\/11\/logo-noir.png","width":1607,"height":1034,"caption":"C\u00e9joli"},"image":{"@id":"https:\/\/cejoli2004.com\/#\/schema\/logo\/image\/"},"sameAs":["https:\/\/www.instagram.com\/cejoli2004\/"]}]}},"_links":{"self":[{"href":"https:\/\/cejoli2004.com\/en\/wp-json\/wp\/v2\/product\/1061","targetHints":{"allow":["GET"]}}],"collection":[{"href":"https:\/\/cejoli2004.com\/en\/wp-json\/wp\/v2\/product"}],"about":[{"href":"https:\/\/cejoli2004.com\/en\/wp-json\/wp\/v2\/types\/product"}],"wp:featuredmedia":[{"embeddable":true,"href":"https:\/\/cejoli2004.com\/en\/wp-json\/wp\/v2\/media\/1062"}],"wp:attachment":[{"href":"https:\/\/cejoli2004.com\/en\/wp-json\/wp\/v2\/media?parent=1061"}],"wp:term":[{"taxonomy":"product_brand","embeddable":true,"href":"https:\/\/cejoli2004.com\/en\/wp-json\/wp\/v2\/product_brand?post=1061"},{"taxonomy":"product_cat","embeddable":true,"href":"https:\/\/cejoli2004.com\/en\/wp-json\/wp\/v2\/product_cat?post=1061"},{"taxonomy":"product_tag","embeddable":true,"href":"https:\/\/cejoli2004.com\/en\/wp-json\/wp\/v2\/product_tag?post=1061"}],"curies":[{"name":"wp","href":"https:\/\/api.w.org\/{rel}","templated":true}]}}