{"id":2827,"date":"2022-01-06T15:51:44","date_gmt":"2022-01-06T14:51:44","guid":{"rendered":"https:\/\/cejoli2004.com\/?post_type=product&#038;p=2827"},"modified":"2022-01-17T09:24:54","modified_gmt":"2022-01-17T08:24:54","slug":"canape-car-crash-poli","status":"publish","type":"product","link":"https:\/\/cejoli2004.com\/en\/product\/canape-car-crash-poli\/","title":{"rendered":"Sofa car crash polished"},"content":{"rendered":"<p>The centerpiece of the collection Car crash<\/p>\n<p>Available in two versions: raw or polished<br \/>\nEach piece is unique<br \/>\nDimensions: 200 cm x 80 cm x90 cm<\/p>","protected":false},"excerpt":{"rendered":"<p>Collection of sculptural metal designed by\nL.CEYSSAC achieved with recycling car sheets<\/p>","protected":false},"featured_media":2799,"template":"","meta":{"ocean_post_layout":"","ocean_both_sidebars_style":"","ocean_both_sidebars_content_width":0,"ocean_both_sidebars_sidebars_width":0,"ocean_sidebar":"0","ocean_second_sidebar":"0","ocean_disable_margins":"enable","ocean_add_body_class":"","ocean_shortcode_before_top_bar":"","ocean_shortcode_after_top_bar":"","ocean_shortcode_before_header":"","ocean_shortcode_after_header":"","ocean_has_shortcode":"","ocean_shortcode_after_title":"","ocean_shortcode_before_footer_widgets":"","ocean_shortcode_after_footer_widgets":"","ocean_shortcode_before_footer_bottom":"","ocean_shortcode_after_footer_bottom":"","ocean_display_top_bar":"default","ocean_display_header":"on","ocean_header_style":"custom","ocean_center_header_left_menu":"0","ocean_custom_header_template":"1480","ocean_custom_logo":0,"ocean_custom_retina_logo":0,"ocean_custom_logo_max_width":0,"ocean_custom_logo_tablet_max_width":0,"ocean_custom_logo_mobile_max_width":0,"ocean_custom_logo_max_height":0,"ocean_custom_logo_tablet_max_height":0,"ocean_custom_logo_mobile_max_height":0,"ocean_header_custom_menu":"0","ocean_menu_typo_font_family":"0","ocean_menu_typo_font_subset":"","ocean_menu_typo_font_size":0,"ocean_menu_typo_font_size_tablet":0,"ocean_menu_typo_font_size_mobile":0,"ocean_menu_typo_font_size_unit":"px","ocean_menu_typo_font_weight":"","ocean_menu_typo_font_weight_tablet":"","ocean_menu_typo_font_weight_mobile":"","ocean_menu_typo_transform":"","ocean_menu_typo_transform_tablet":"","ocean_menu_typo_transform_mobile":"","ocean_menu_typo_line_height":0,"ocean_menu_typo_line_height_tablet":0,"ocean_menu_typo_line_height_mobile":0,"ocean_menu_typo_line_height_unit":"","ocean_menu_typo_spacing":0,"ocean_menu_typo_spacing_tablet":0,"ocean_menu_typo_spacing_mobile":0,"ocean_menu_typo_spacing_unit":"","ocean_menu_link_color":"","ocean_menu_link_color_hover":"","ocean_menu_link_color_active":"","ocean_menu_link_background":"","ocean_menu_link_hover_background":"","ocean_menu_link_active_background":"","ocean_menu_social_links_bg":"","ocean_menu_social_hover_links_bg":"","ocean_menu_social_links_color":"","ocean_menu_social_hover_links_color":"","ocean_disable_title":"on","ocean_disable_heading":"default","ocean_post_title":"","ocean_post_subheading":"","ocean_post_title_style":"","ocean_post_title_background_color":"","ocean_post_title_background":0,"ocean_post_title_bg_image_position":"","ocean_post_title_bg_image_attachment":"","ocean_post_title_bg_image_repeat":"","ocean_post_title_bg_image_size":"","ocean_post_title_height":0,"ocean_post_title_bg_overlay":0.5,"ocean_post_title_bg_overlay_color":"","ocean_disable_breadcrumbs":"default","ocean_breadcrumbs_color":"","ocean_breadcrumbs_separator_color":"","ocean_breadcrumbs_links_color":"","ocean_breadcrumbs_links_hover_color":"","ocean_display_footer_widgets":"default","ocean_display_footer_bottom":"default","ocean_custom_footer_template":"0"},"product_brand":[],"product_cat":[73],"product_tag":[],"class_list":{"0":"post-2827","1":"product","2":"type-product","3":"status-publish","4":"has-post-thumbnail","6":"product_cat-fauteuils-et-canapes","8":"entry","9":"has-media","11":"first","12":"instock","13":"shipping-taxable","14":"product-type-simple","15":"has-product-nav","16":"col","17":"span_1_of_3","18":"owp-content-center","19":"owp-thumbs-layout-horizontal","20":"owp-btn-normal","21":"owp-tabs-layout-horizontal"},"yoast_head":"<!-- This site is optimized with the Yoast SEO plugin v27.5 - https:\/\/yoast.com\/product\/yoast-seo-wordpress\/ -->\n<title>Canap\u00e9 car crash poli - C\u00e9joli<\/title>\n<meta name=\"robots\" content=\"index, follow, max-snippet:-1, max-image-preview:large, max-video-preview:-1\" \/>\n<link rel=\"canonical\" href=\"https:\/\/cejoli2004.com\/en\/product\/canape-car-crash-poli\/\" \/>\n<meta property=\"og:locale\" content=\"en_US\" \/>\n<meta property=\"og:type\" content=\"article\" \/>\n<meta property=\"og:title\" content=\"Canap\u00e9 car crash poli - C\u00e9joli\" \/>\n<meta property=\"og:description\" content=\"Canap\u00e9 sculptural m\u00e9tallique de la collection CAR CRASH dessin\u00e9 par L.CEYSSAC r\u00e9alis\u00e9 avec des t\u00f4les automobiles.\" \/>\n<meta property=\"og:url\" content=\"https:\/\/cejoli2004.com\/en\/product\/canape-car-crash-poli\/\" \/>\n<meta property=\"og:site_name\" content=\"C\u00e9joli\" \/>\n<meta property=\"article:modified_time\" content=\"2022-01-17T08:24:54+00:00\" \/>\n<meta property=\"og:image\" content=\"https:\/\/cejoli2004.com\/wp-content\/uploads\/2022\/01\/stand-salon-janv-2016-052-scaled.jpg\" \/>\n\t<meta property=\"og:image:width\" content=\"2560\" \/>\n\t<meta property=\"og:image:height\" content=\"1920\" \/>\n\t<meta property=\"og:image:type\" content=\"image\/jpeg\" \/>\n<meta name=\"twitter:card\" content=\"summary_large_image\" \/>\n<script type=\"application\/ld+json\" class=\"yoast-schema-graph\">{\"@context\":\"https:\\\/\\\/schema.org\",\"@graph\":[{\"@type\":\"WebPage\",\"@id\":\"https:\\\/\\\/cejoli2004.com\\\/produit\\\/canape-car-crash-poli\\\/\",\"url\":\"https:\\\/\\\/cejoli2004.com\\\/produit\\\/canape-car-crash-poli\\\/\",\"name\":\"Canap\u00e9 car crash poli - C\u00e9joli\",\"isPartOf\":{\"@id\":\"https:\\\/\\\/cejoli2004.com\\\/#website\"},\"primaryImageOfPage\":{\"@id\":\"https:\\\/\\\/cejoli2004.com\\\/produit\\\/canape-car-crash-poli\\\/#primaryimage\"},\"image\":{\"@id\":\"https:\\\/\\\/cejoli2004.com\\\/produit\\\/canape-car-crash-poli\\\/#primaryimage\"},\"thumbnailUrl\":\"https:\\\/\\\/cejoli2004.com\\\/wp-content\\\/uploads\\\/2022\\\/01\\\/stand-salon-janv-2016-052-scaled.jpg\",\"datePublished\":\"2022-01-06T14:51:44+00:00\",\"dateModified\":\"2022-01-17T08:24:54+00:00\",\"breadcrumb\":{\"@id\":\"https:\\\/\\\/cejoli2004.com\\\/produit\\\/canape-car-crash-poli\\\/#breadcrumb\"},\"inLanguage\":\"en-US\",\"potentialAction\":[{\"@type\":\"ReadAction\",\"target\":[\"https:\\\/\\\/cejoli2004.com\\\/produit\\\/canape-car-crash-poli\\\/\"]}]},{\"@type\":\"ImageObject\",\"inLanguage\":\"en-US\",\"@id\":\"https:\\\/\\\/cejoli2004.com\\\/produit\\\/canape-car-crash-poli\\\/#primaryimage\",\"url\":\"https:\\\/\\\/cejoli2004.com\\\/wp-content\\\/uploads\\\/2022\\\/01\\\/stand-salon-janv-2016-052-scaled.jpg\",\"contentUrl\":\"https:\\\/\\\/cejoli2004.com\\\/wp-content\\\/uploads\\\/2022\\\/01\\\/stand-salon-janv-2016-052-scaled.jpg\",\"width\":2560,\"height\":1920},{\"@type\":\"BreadcrumbList\",\"@id\":\"https:\\\/\\\/cejoli2004.com\\\/produit\\\/canape-car-crash-poli\\\/#breadcrumb\",\"itemListElement\":[{\"@type\":\"ListItem\",\"position\":1,\"name\":\"Accueil\",\"item\":\"https:\\\/\\\/cejoli2004.com\\\/\"},{\"@type\":\"ListItem\",\"position\":2,\"name\":\"Boutique\",\"item\":\"https:\\\/\\\/cejoli2004.com\\\/boutique\\\/\"},{\"@type\":\"ListItem\",\"position\":3,\"name\":\"Canap\u00e9 car crash poli\"}]},{\"@type\":\"WebSite\",\"@id\":\"https:\\\/\\\/cejoli2004.com\\\/#website\",\"url\":\"https:\\\/\\\/cejoli2004.com\\\/\",\"name\":\"C\u00e9joli\",\"description\":\"\",\"publisher\":{\"@id\":\"https:\\\/\\\/cejoli2004.com\\\/#organization\"},\"potentialAction\":[{\"@type\":\"SearchAction\",\"target\":{\"@type\":\"EntryPoint\",\"urlTemplate\":\"https:\\\/\\\/cejoli2004.com\\\/?s={search_term_string}\"},\"query-input\":{\"@type\":\"PropertyValueSpecification\",\"valueRequired\":true,\"valueName\":\"search_term_string\"}}],\"inLanguage\":\"en-US\"},{\"@type\":\"Organization\",\"@id\":\"https:\\\/\\\/cejoli2004.com\\\/#organization\",\"name\":\"C\u00e9joli\",\"url\":\"https:\\\/\\\/cejoli2004.com\\\/\",\"logo\":{\"@type\":\"ImageObject\",\"inLanguage\":\"en-US\",\"@id\":\"https:\\\/\\\/cejoli2004.com\\\/#\\\/schema\\\/logo\\\/image\\\/\",\"url\":\"https:\\\/\\\/cejoli2004.com\\\/wp-content\\\/uploads\\\/2021\\\/11\\\/logo-noir.png\",\"contentUrl\":\"https:\\\/\\\/cejoli2004.com\\\/wp-content\\\/uploads\\\/2021\\\/11\\\/logo-noir.png\",\"width\":1607,\"height\":1034,\"caption\":\"C\u00e9joli\"},\"image\":{\"@id\":\"https:\\\/\\\/cejoli2004.com\\\/#\\\/schema\\\/logo\\\/image\\\/\"},\"sameAs\":[\"https:\\\/\\\/www.instagram.com\\\/cejoli2004\\\/\"]}]}<\/script>\n<!-- \/ Yoast SEO plugin. -->","yoast_head_json":{"title":"Canap\u00e9 car crash poli - C\u00e9joli","robots":{"index":"index","follow":"follow","max-snippet":"max-snippet:-1","max-image-preview":"max-image-preview:large","max-video-preview":"max-video-preview:-1"},"canonical":"https:\/\/cejoli2004.com\/en\/product\/canape-car-crash-poli\/","og_locale":"en_US","og_type":"article","og_title":"Canap\u00e9 car crash poli - C\u00e9joli","og_description":"Canap\u00e9 sculptural m\u00e9tallique de la collection CAR CRASH dessin\u00e9 par L.CEYSSAC r\u00e9alis\u00e9 avec des t\u00f4les automobiles.","og_url":"https:\/\/cejoli2004.com\/en\/product\/canape-car-crash-poli\/","og_site_name":"C\u00e9joli","article_modified_time":"2022-01-17T08:24:54+00:00","og_image":[{"width":2560,"height":1920,"url":"https:\/\/cejoli2004.com\/wp-content\/uploads\/2022\/01\/stand-salon-janv-2016-052-scaled.jpg","type":"image\/jpeg"}],"twitter_card":"summary_large_image","schema":{"@context":"https:\/\/schema.org","@graph":[{"@type":"WebPage","@id":"https:\/\/cejoli2004.com\/produit\/canape-car-crash-poli\/","url":"https:\/\/cejoli2004.com\/produit\/canape-car-crash-poli\/","name":"Canap\u00e9 car crash poli - C\u00e9joli","isPartOf":{"@id":"https:\/\/cejoli2004.com\/#website"},"primaryImageOfPage":{"@id":"https:\/\/cejoli2004.com\/produit\/canape-car-crash-poli\/#primaryimage"},"image":{"@id":"https:\/\/cejoli2004.com\/produit\/canape-car-crash-poli\/#primaryimage"},"thumbnailUrl":"https:\/\/cejoli2004.com\/wp-content\/uploads\/2022\/01\/stand-salon-janv-2016-052-scaled.jpg","datePublished":"2022-01-06T14:51:44+00:00","dateModified":"2022-01-17T08:24:54+00:00","breadcrumb":{"@id":"https:\/\/cejoli2004.com\/produit\/canape-car-crash-poli\/#breadcrumb"},"inLanguage":"en-US","potentialAction":[{"@type":"ReadAction","target":["https:\/\/cejoli2004.com\/produit\/canape-car-crash-poli\/"]}]},{"@type":"ImageObject","inLanguage":"en-US","@id":"https:\/\/cejoli2004.com\/produit\/canape-car-crash-poli\/#primaryimage","url":"https:\/\/cejoli2004.com\/wp-content\/uploads\/2022\/01\/stand-salon-janv-2016-052-scaled.jpg","contentUrl":"https:\/\/cejoli2004.com\/wp-content\/uploads\/2022\/01\/stand-salon-janv-2016-052-scaled.jpg","width":2560,"height":1920},{"@type":"BreadcrumbList","@id":"https:\/\/cejoli2004.com\/produit\/canape-car-crash-poli\/#breadcrumb","itemListElement":[{"@type":"ListItem","position":1,"name":"Accueil","item":"https:\/\/cejoli2004.com\/"},{"@type":"ListItem","position":2,"name":"Boutique","item":"https:\/\/cejoli2004.com\/boutique\/"},{"@type":"ListItem","position":3,"name":"Canap\u00e9 car crash poli"}]},{"@type":"WebSite","@id":"https:\/\/cejoli2004.com\/#website","url":"https:\/\/cejoli2004.com\/","name":"C\u00e9joli","description":"","publisher":{"@id":"https:\/\/cejoli2004.com\/#organization"},"potentialAction":[{"@type":"SearchAction","target":{"@type":"EntryPoint","urlTemplate":"https:\/\/cejoli2004.com\/?s={search_term_string}"},"query-input":{"@type":"PropertyValueSpecification","valueRequired":true,"valueName":"search_term_string"}}],"inLanguage":"en-US"},{"@type":"Organization","@id":"https:\/\/cejoli2004.com\/#organization","name":"C\u00e9joli","url":"https:\/\/cejoli2004.com\/","logo":{"@type":"ImageObject","inLanguage":"en-US","@id":"https:\/\/cejoli2004.com\/#\/schema\/logo\/image\/","url":"https:\/\/cejoli2004.com\/wp-content\/uploads\/2021\/11\/logo-noir.png","contentUrl":"https:\/\/cejoli2004.com\/wp-content\/uploads\/2021\/11\/logo-noir.png","width":1607,"height":1034,"caption":"C\u00e9joli"},"image":{"@id":"https:\/\/cejoli2004.com\/#\/schema\/logo\/image\/"},"sameAs":["https:\/\/www.instagram.com\/cejoli2004\/"]}]}},"_links":{"self":[{"href":"https:\/\/cejoli2004.com\/en\/wp-json\/wp\/v2\/product\/2827","targetHints":{"allow":["GET"]}}],"collection":[{"href":"https:\/\/cejoli2004.com\/en\/wp-json\/wp\/v2\/product"}],"about":[{"href":"https:\/\/cejoli2004.com\/en\/wp-json\/wp\/v2\/types\/product"}],"wp:featuredmedia":[{"embeddable":true,"href":"https:\/\/cejoli2004.com\/en\/wp-json\/wp\/v2\/media\/2799"}],"wp:attachment":[{"href":"https:\/\/cejoli2004.com\/en\/wp-json\/wp\/v2\/media?parent=2827"}],"wp:term":[{"taxonomy":"product_brand","embeddable":true,"href":"https:\/\/cejoli2004.com\/en\/wp-json\/wp\/v2\/product_brand?post=2827"},{"taxonomy":"product_cat","embeddable":true,"href":"https:\/\/cejoli2004.com\/en\/wp-json\/wp\/v2\/product_cat?post=2827"},{"taxonomy":"product_tag","embeddable":true,"href":"https:\/\/cejoli2004.com\/en\/wp-json\/wp\/v2\/product_tag?post=2827"}],"curies":[{"name":"wp","href":"https:\/\/api.w.org\/{rel}","templated":true}]}}